{"id":221,"date":"2022-01-04T07:44:43","date_gmt":"2022-01-04T07:44:43","guid":{"rendered":"https:\/\/iqtec.stilogolab.com\/index.php\/aviso-legal-y-politica-de-privacidad\/"},"modified":"2022-09-16T10:22:34","modified_gmt":"2022-09-16T10:22:34","slug":"aviso-legal-y-politica-de-privacidad","status":"publish","type":"page","link":"https:\/\/www.iqtec.es\/en\/aviso-legal-y-politica-de-privacidad\/","title":{"rendered":"Legal notice and privacy policy"},"content":{"rendered":"\r\n<p><strong>IQTEC SERVICES 2009 S.L.<\/strong><\/p>\r\n<p><strong>CIF:\u00a0B85726610<\/strong><\/p>\r\n<p><strong>Domicilio fiscal:\u00a0Parque Emp. Neinor Henares, C\/ Ferrocarril, 16 &#8211; Edf. 1 Nave 5 &#8211; 28880, Meco, Madrid\u00a0<\/strong><\/p>\r\n<p><strong>Tfno:\u00a0<\/strong>\u00a0(+34) 918848562<\/p>\r\n<p>E-mail:\u00a0<span id=\"cloak9a49880679cfaab2e12867f97790c47d\"><a href=\"mailto:info@iqtec.es\">info@iqtec.es<\/a><\/span><\/p>\r\n<p>&nbsp;<\/p>\r\n<p><strong>Sobre la empresa<\/strong><\/p>\r\n<p>IQTEC SERVICES 2009 S.L. comercializa equipos de telefon\u00eda e inform\u00e1ticos. El canal de venta es exclusivamente esta plataforma de Internet y las ventas \u00fanicamente aplican en territorio espa\u00f1ol.\u00a0<\/p>\r\n<p>&nbsp;<\/p>\r\n<p><a href=\"https:\/\/www.iqtec.es\/es\/aviso-legal-proteccion-de-datos-aviso-legal-y-politica-de-cookies.html\"><strong>Aviso Legal: protecci\u00f3n de datos y confidencialidad, en conformidad con el RGPD<\/strong><\/a><\/p>\r\n<p><strong>Alcance<\/strong><\/p>\r\n<p>Todos los usuarios de nuestros formularios de contacto.<\/p>\r\n<p><strong>Responsabilidaddes<\/strong><\/p>\r\n<p>Todos los datos personales que se recaben, de acuerdo con los requisitos del RGPD.<\/p>\r\n<p><strong>Base Legal<\/strong><\/p>\r\n<p>Nuestra base legal para recabar datos:<br \/><br \/>Art\u00edculo 6.1(a), RGPD, Consentimiento<br \/><br \/>Art\u00edculo 6.1(b), RGPD, Contrato<br \/><br \/>Art\u00edculo 6.1(f) GDPR, Inter\u00e9s leg\u00edtimo<\/p>\r\n<p><strong>Consentimiento<\/strong><\/p>\r\n<p>El consentimiento de la pol\u00edtica de privacidad nos da permiso para tratar sus datos \u00fanicamente para los fines indicados. Usted tiene derecho a revocar su consentimiento en todo momento.<\/p>\r\n<p><strong>Confidencialidad<\/strong><\/p>\r\n<p>iQTEC no compartir\u00e1 sus datos con terceros, excepto si es necesario para la prestaci\u00f3n del servicio encargado por el cliente.<\/p>\r\n<p><strong>Periodo de conservaci\u00f3n<\/strong><\/p>\r\n<p>El periodo de conservaci\u00f3n ser\u00e1 de 5 a\u00f1os. Si desea conocer m\u00e1s sobre este aspecto, contacte con\u00a0<span id=\"cloak768303290472728e1b0b143c7f103a39\"><a href=\"mailto:info@iqtec.es\">info@iqtec.es<\/a><\/span><\/p>\r\n<p><strong>Principios y Derechos<\/strong><\/p>\r\n<p>Principio de transparencia. Los datos ser\u00e1n tratados de manera legal y transparente.<\/p>\r\n<p>Principio de limitaci\u00f3n de la finalidad. Los datos ser\u00e1n adecuados y limitados a lo necesario en relaci\u00f3n con los fines para los que se tratan.<\/p>\r\n<p>El usuario podr\u00e1 acceder, rectificar, cancelar y oponerse al tratamiento de los datos, as\u00ed como ejercer su derecho al olvido y al borrado de la informaci\u00f3n que hubiera proporcionado por medios en l\u00ednea.<\/p>\r\n<p><strong>Otras consideraciones en materia de protecci\u00f3n de<\/strong><strong>\u00a0datos y confidencialidad<\/strong><\/p>\r\n<p>De conformidad con lo establecido en la Ley 15\/1999, de 13 de diciembre, de Protecci\u00f3n de Datos de Car\u00e1cter Personal, se informa de que cuantos datos personales facilite a IQTEC SERVICES 2009 S.L., con CIF B-85726610, ser\u00e1n incluidos en un fichero de datos de car\u00e1cter personal creado y mantenido por la empresa. Los datos registrados \u00fanicamente ser\u00e1n usados para la finalidad para los que han sido recogidos, conociendo el interesado y aceptando expl\u00edcitamente la comunicaci\u00f3n de datos a terceros con el fin de desarrollar la finalidad contractual de los mismos. Cualquier otro uso requerir\u00e1 del previo y expreso consentimiento del interesado. \u00c9ste podr\u00e1 ejercer en cualquier momento su derecho de acceso, rectificaci\u00f3n, cancelaci\u00f3n y oposici\u00f3n al tratamiento de sus datos personales en los t\u00e9rminos y las condiciones previstos en la propia normativa vigente en materia de protecci\u00f3n de datos. Para ello deber\u00e1 remitir por escrito su solicitud a la direcci\u00f3n fiscal de la empresa, sita en Parque Emp. Neinor Henares, C\/ Ferrocarril, 16 &#8211; Edf. 1 Nave 5, 28880, Meco, Madrid; e-mail:\u00a0<span id=\"cloak3789dd7e27a902244b59e667a93b55ff\"><a href=\"mailto:info@iqtec.es\">info@iqtec.es<\/a><\/span>; tel\u00e9fono (+34) 91 884 85 62.<\/p>\r\n<p>IQTEC SERVICES 2009 S.L se compromete a mantener absoluta confidencialidad y sigilo con respecto a cualquier informaci\u00f3n que el usuario le proporcione, por cualquier medio y en todo momento, y tambi\u00e9n tras la finalizaci\u00f3n de la prestaci\u00f3n de los servicios, con el fin de evitar un tratamiento o uso no autorizado por parte de terceros, cualquiera que fuera la causa de finalizaci\u00f3n de la relaci\u00f3n.<\/p>\r\n<p>IQTEC SERVICES 2009 S.L recabar\u00e1 datos de car\u00e1cter personal \u00fanicamente para destinarlos a fines administrativos, para prestar al cliente el servicio de informaci\u00f3n, y para personalizar y mejorar el servicio. En este sentido, el cliente deber\u00e1 comunicar de forma inmediata a IQTEC SERVICES 2009 S.L cualquier modificaci\u00f3n de sus datos a fin de que la informaci\u00f3n contenida en sus ficheros est\u00e9, en todo momento, actualizada y sin errores.<\/p>\r\n<p>IQTEC SERVICES 2009 S.L ha instalado las medidas necesarias para garantizar la seguridad de sus datos de car\u00e1cter personal, as\u00ed como para evitar su alteraci\u00f3n, p\u00e9rdida, tratamiento o acceso no autorizado, habida cuenta del estado de la tecnolog\u00eda, la naturaleza de los datos almacenados y los riesgos a que est\u00e1n expuestos, ya provengan de la acci\u00f3n humana o del medio f\u00edsico o natural. Todo ello de conformidad con lo previsto en la normativa vigente en materia de protecci\u00f3n de datos, y en concreto, con relaci\u00f3n a las medidas de seguridad de ficheros automatizados que contengan datos de car\u00e1cter personal. El responsable del fichero y quienes intervengan en cualquier fase del tratamiento de los datos de car\u00e1cter personal est\u00e1n obligados al secreto profesional respecto de los mismos y al deber de guardarlos, obligaciones que subsistir\u00e1n aun despu\u00e9s de finalizar su relaci\u00f3n con el titular del fichero o, en su caso, con el responsable del mismo.<\/p>\r\n<p>En caso de litigio, las Partes (IQTEC SERVICES 2009 S.L \/ cliente-usuario) se someten expresamente a la competencia de los Juzgados y Tribunales de la Ciudad de Madrid, que se entender\u00e1 a todos los efectos como lugar de cumplimiento de la obligaci\u00f3n, con renuncia expresa a su fuero propio o a cualquier otro que en su caso pudiera corresponderles.<\/p>\r\n<p>&nbsp;<\/p>\r\n<p><strong>Condiciones de uso del sitio web<\/strong><\/p>\r\n<p>Existen condiciones de uso que el usuario debe conocer antes de acceder al sitio web de IQTEC; el acceso al sitio implica la aceptaci\u00f3n plena y sin reservas, por parte del usuario, de las siguientes estipulaciones.<\/p>\r\n<p>En su sitio web IQTEC ofrece servicios y contenidos relacionados con su actividad, que pueden ser a\u00f1adidos, suprimidos o modificados sin previo aviso a discreci\u00f3n de los administradores. El acceso al sitio web es gratuito, si bien el usuario se compromete a utilizar el espacio web de IQTEC de conformidad con la ley, la moral, las buenas costumbres y el orden p\u00fablico. As\u00ed pues, el usuario se abstendr\u00e1 de servirse del sitio y de sus contenidos con fines il\u00edcitos o comerciales, contrarios a los derechos e intereses de IQTEC o de terceros, y de cualquier forma que pueda saturar, da\u00f1ar o inutilizar el sitio web.<\/p>\r\n<p>IQTEC se reserva el derecho de modificar o actualizar las presentes condiciones de uso, as\u00ed como la pol\u00edtica de privacidad, sin \u00a0notificaci\u00f3n previa. En tales casos, los cambios se anunciar\u00e1n con antelaci\u00f3n a la puesta en pr\u00e1ctica, por lo que el usuario deber\u00e1 leer peri\u00f3dicamente las presentes condiciones. La utilizaci\u00f3n de los servicios de IQTEC, una vez comunicados los cambios, implicar\u00e1 la aceptaci\u00f3n de \u00e9stos por parte del usuario.<\/p>\r\n<p>&nbsp;<\/p>\r\n<p><strong>Propiedad intelectual<\/strong><\/p>\r\n<p>IQTEC es propietaria del dominio www.iqtec.es, y tiene registrados tanto su marca comercial como su logotipo.<\/p>\r\n<p>El usuario podr\u00e1 visualizar los elementos del sitio web de IQTEC, imprimirlos y almacenarlos en el disco duro de su ordenador o en cualquier otro soporte f\u00edsico siempre que sea, \u00fanica y exclusivamente, para su uso personal y privado; as\u00ed pues, queda absolutamente prohibida la transformaci\u00f3n, distribuci\u00f3n, comunicaci\u00f3n p\u00fablica o cualquier otra forma de explotaci\u00f3n con fines comerciales y con \u00e1nimo de lucro, as\u00ed como su manipulaci\u00f3n, modificaci\u00f3n o alteraci\u00f3n, sin consentimiento expreso, por escrito, de los administradores de IQTEC.<\/p>\r\n<p>IQTEC no asumir\u00e1 responsabilidad alguna concerniente a derechos de propiedad intelectual de terceros que se vean infringidos por un usuario.<\/p>\r\n<p>&nbsp;<\/p>\r\n<p><strong>Exclusi\u00f3n de garant\u00edas y responsabilidad en el uso del sitio web<\/strong><\/p>\r\n<p>IQTEC no garantiza ni se hace responsable, bajo ninguna circunstancia, de cualquier tipo de da\u00f1o o perjuicio derivado de:<\/p>\r\n<p>a) la falta de disponibilidad o continuidad del sitio web, as\u00ed como su funcionamiento sin problemas ni dificultades t\u00e9cnicas o de otra \u00edndole;<\/p>\r\n<p>b) la presencia o transmisi\u00f3n de virus inform\u00e1ticos o programas maliciosos o lesivos en la red, especialmente en el supuesto de que los equipos de los usuarios pudieran verse afectados a consecuencia del acceso, uso o examen del sitio web;<\/p>\r\n<p>c) las faltas o incumplimientos, de cualquier orden, por parte de terceros a los que el usuario haya accedido por medio del sitio web de IQTEC, as\u00ed como de todas las vulneraciones, negligencias o ilicitudes que pudieran derivarse de sus actuaciones en materia de derechos de propiedad intelectual e industrial, secretos empresariales, compromisos contractuales, derechos de intimidad, honor, imagen, propiedad, entre otros, de terceros;<\/p>\r\n<p>d) la recepci\u00f3n, obtenci\u00f3n, almacenamiento, transmisi\u00f3n o difusi\u00f3n de los contenidos por parte de los usuarios;<\/p>\r\n<p>e) la realizaci\u00f3n de actos de competencia desleal y publicidad il\u00edcita como consecuencia de la prestaci\u00f3n de servicios por terceros a trav\u00e9s del sitio web de IQTEC.<\/p>\r\n<p>&nbsp;<\/p>\r\n<p><strong>Enlaces<\/strong><\/p>\r\n<p>En caso de hacer uso de enlaces a sitios web de terceros, informamos al usuario que pasar\u00e1 a estar regido por los t\u00e9rminos y condiciones de dichos sitios web. Propiedad intelectual e industrial Todas las marcas, logotipos, nombres comerciales, signos distintivos, servicios, contenidos, textos, fotograf\u00edas, gr\u00e1ficos, im\u00e1genes, software, links e informaciones de cualquier clase que aparecen en este sitio web est\u00e1n protegidos por derechos de propiedad intelectual e industrial, por lo que no podr\u00e1n ser reproducidos, distribuidos, comunicados p\u00fablicamente, transformados o modificados sin autorizaci\u00f3n expresa de su leg\u00edtimo titular.<\/p>\r\n<p>&nbsp;<\/p>\r\n<p><strong>Directiva europea sobre el uso de cookies<\/strong><\/p>\r\n<p>Una cookie es un peque\u00f1o archivo de texto que un sitio web puede instalar en el disco duro del ordenador de un usuario con el objeto de, por ejemplo, recabar informaci\u00f3n sobre sus actividades o h\u00e1bitos de navegaci\u00f3n, registrar el proceso de compra de un producto, etc. Concretamente, hacemos uso de:<\/p>\r\n<p>Google Analytics. Google puede utilizar estos datos para mejorar sus propios servicios y para ofrecer servicios a otras empresas.<\/p>\r\n<p>Puede acceder a toda la informaci\u00f3n a trav\u00e9s de los siguientes enlaces:<\/p>\r\n<p><a href=\"http:\/\/www.google.com\/intl\/es\/analytics\/privacyoverview.html\" target=\"_blank\" rel=\"noopener\">http:\/\/www.google.com\/intl\/es\/analytics\/privacyoverview.html<\/a><\/p>\r\n<p><a href=\"https:\/\/tools.google.com\/dlpage\/gaoptout?hl=es\" target=\"_blank\" rel=\"noopener\">https:\/\/tools.google.com\/dlpage\/gaoptout?hl=es<\/a><\/p>\r\n<p>Esta herramienta no obtiene datos de los nombres o apellidos de los usuarios, ni de la direcci\u00f3n postal desde donde se conectan. La informaci\u00f3n que obtiene est\u00e1 relacionada, por ejemplo, con el n\u00famero de p\u00e1ginas vistas, el idioma, la ciudad a la que est\u00e1 asignada la direcci\u00f3n IP desde la que acceden los usuarios, el n\u00famero de usuarios que visitan el sitio web, la frecuencia y reincidencia de las visitas, el tiempo de visita, el navegador que usan, el operador o tipo de terminal desde el que se realiza la visita. Esta informaci\u00f3n la utilizamos para mejorar nuestra p\u00e1gina, detectar nuevas necesidades y valorar las mejoras a introducir, con la finalidad de prestar un mejor servicio a los usuarios que nos visitan.<\/p>\r\n<p>Cookies usadas por redes sociales. En esta web se han instalado botones de redes sociales que permiten al usuario compartir contenidos de su inter\u00e9s con su c\u00edrculo social. Las cookies utilizadas por redes sociales evitan que el usuario tenga que introducir nuevamente sus datos para compartir dichos contenidos. Dichos botones no tienen acceso a los datos introducidos por los usuarios al compartir un contenido en una red social. Usted puede permitir, conocer, bloquear o eliminar las cookies instaladas en su equipo mediante la configuraci\u00f3n de las opciones del navegador instalado en su ordenador. Puede encontrar informaci\u00f3n sobre c\u00f3mo hacerlo en funci\u00f3n del navegador que utilice, en los siguientes enlaces:<\/p>\r\n<p>Firefox desde aqu\u00ed:\u00a0<a href=\"https:\/\/support.mozilla.org\/es\/kb\/habilitar-y-deshabilitar-cookies-que-los-sitios-we\" target=\"_blank\" rel=\"noopener\">https:\/\/support.mozilla.org\/es\/kb\/habilitar-y-deshabilitar-cookies-que-los-sitios-we<\/a><\/p>\r\n<p>Chrome desde aqu\u00ed:\u00a0<a href=\"http:\/\/support.google.com\/chrome\/bin\/answer.py?hl=es&amp;answer=95647\" target=\"_blank\" rel=\"noopener\">http:\/\/support.google.com\/chrome\/bin\/answer.py?hl=es&amp;answer=95647<\/a><\/p>\r\n<p>Explorer desde aqu\u00ed:\u00a0<a href=\"http:\/\/windows.microsoft.com\/es-es\/windows7\/how-to-manage-cookies-in-internet-explorer-9\" target=\"_blank\" rel=\"noopener\">http:\/\/windows.microsoft.com\/es-es\/windows7\/how-to-manage-cookies-in-internet-explorer-9<\/a><\/p>\r\n<p>Safari desde aqu\u00ed:\u00a0<a href=\"http:\/\/support.apple.com\/kb\/ph5042\" target=\"_blank\" rel=\"noopener\">http:\/\/support.apple.com\/kb\/ph5042<\/a><\/p>\r\n","protected":false},"excerpt":{"rendered":"<p>IQTEC SERVICES 2009 S.L. CIF:\u00a0B85726610 Domicilio fiscal:\u00a0Parque Emp. Neinor Henares, C\/ Ferrocarril, 16 &#8211; Edf. 1 Nave 5 &#8211; 28880, Meco, Madrid\u00a0 Tfno:\u00a0\u00a0(+34) 918848562 E-mail:\u00a0info@iqtec.es &nbsp; Sobre la empresa IQTEC SERVICES 2009 S.L. comercializa equipos de telefon\u00eda e inform\u00e1ticos. El<a class=\"btn btn-featured-news\" href=\"https:\/\/www.iqtec.es\/en\/aviso-legal-y-politica-de-privacidad\/\">Read more<\/a><\/p>\n","protected":false},"author":1,"featured_media":0,"parent":0,"menu_order":6,"comment_status":"closed","ping_status":"closed","template":"","meta":{"_acf_changed":false,"footnotes":""},"class_list":["post-221","page","type-page","status-publish","hentry"],"acf":[],"_links":{"self":[{"href":"https:\/\/www.iqtec.es\/en\/wp-json\/wp\/v2\/pages\/221","targetHints":{"allow":["GET"]}}],"collection":[{"href":"https:\/\/www.iqtec.es\/en\/wp-json\/wp\/v2\/pages"}],"about":[{"href":"https:\/\/www.iqtec.es\/en\/wp-json\/wp\/v2\/types\/page"}],"author":[{"embeddable":true,"href":"https:\/\/www.iqtec.es\/en\/wp-json\/wp\/v2\/users\/1"}],"replies":[{"embeddable":true,"href":"https:\/\/www.iqtec.es\/en\/wp-json\/wp\/v2\/comments?post=221"}],"version-history":[{"count":1,"href":"https:\/\/www.iqtec.es\/en\/wp-json\/wp\/v2\/pages\/221\/revisions"}],"predecessor-version":[{"id":641,"href":"https:\/\/www.iqtec.es\/en\/wp-json\/wp\/v2\/pages\/221\/revisions\/641"}],"wp:attachment":[{"href":"https:\/\/www.iqtec.es\/en\/wp-json\/wp\/v2\/media?parent=221"}],"curies":[{"name":"wp","href":"https:\/\/api.w.org\/{rel}","templated":true}]}}